{"id":2352,"date":"2014-08-19T10:46:39","date_gmt":"2014-08-19T09:46:39","guid":{"rendered":"http:\/\/papyblues.com\/?page_id=2352"},"modified":"2014-08-19T11:07:08","modified_gmt":"2014-08-19T10:07:08","slug":"galerie-magma-34","status":"publish","type":"page","link":"http:\/\/papyblues.com\/?page_id=2352","title":{"rendered":"Galerie Magma 3\/4"},"content":{"rendered":"<table border=\"1\" cellpadding=\"0\" cellspacing=\"0\" style=\"border-collapse: collapse\" bordercolor=\"#111111\" width=\"553\" id=\"AutoNumber1\" height=\"487\">\n<tr>\n<td valign=\"top\">\n<p align=\"center\"><a href=\"http:\/\/papyblues.com\/?page_id=2345\" title=\"Galerie Magma 2\/4\">Page pr\u00e9c\u00e9dente<\/a><\/p>\n<p style=\"word-spacing: 1; text-indent: 1; margin: 1\" align=\"center\">&nbsp;<\/p>\n<p align=\"center\"><u><b><font color=\"#FF0000\" size=\"6\">MAGMA &amp; CHRISTIAN VANDER.<\/font><\/b><\/u><\/p>\n<p align=\"center\">&nbsp;<\/p>\n<p align=\"center\">\n    <font color=\"#0000FF\"><i>TOUTES LES PHOTOS NON CREDITEES SONT DE PAPY, ET<br \/>\n    LEUR REPRODUCTION EST INTERDITE SANS SON ACCORD.<\/i><\/font><\/p>\n<p align=\"center\">&nbsp;<\/p>\n<p align=\"center\">&nbsp;<\/p>\n<p align=\"center\">&nbsp;<\/p>\n<p align=\"center\">\n    <img loading=\"lazy\" decoding=\"async\" border=\"0\" src=\"http:\/\/papyblues.com\/wp-content\/uploads\/2014\/06\/\/16magma5.jpg\" width=\"450\" height=\"651\"><\/p>\n<p align=\"center\">\n    <img loading=\"lazy\" decoding=\"async\" border=\"0\" src=\"http:\/\/papyblues.com\/wp-content\/uploads\/2014\/06\/\/16magma6.jpg\" width=\"450\" height=\"651\"><\/p>\n<p align=\"center\">\n    <img loading=\"lazy\" decoding=\"async\" border=\"0\" src=\"http:\/\/papyblues.com\/wp-content\/uploads\/2014\/06\/\/16magma7.jpg\" width=\"419\" height=\"284\"><\/p>\n<p align=\"center\">\n    <img loading=\"lazy\" decoding=\"async\" border=\"0\" src=\"http:\/\/papyblues.com\/wp-content\/uploads\/2014\/06\/\/16magma8.jpg\" width=\"433\" height=\"632\"><\/p>\n<p align=\"center\">\n    <img loading=\"lazy\" decoding=\"async\" border=\"0\" src=\"http:\/\/papyblues.com\/wp-content\/uploads\/2014\/06\/\/16magma9.jpg\" width=\"435\" height=\"564\"><\/p>\n<p align=\"center\">\n    <img loading=\"lazy\" decoding=\"async\" border=\"0\" src=\"http:\/\/papyblues.com\/wp-content\/uploads\/2014\/06\/\/16magma10.jpg\" width=\"434\" height=\"628\"><\/p>\n<p align=\"center\">\n    <img loading=\"lazy\" decoding=\"async\" border=\"0\" src=\"http:\/\/papyblues.com\/wp-content\/uploads\/2014\/06\/\/16magma11.jpg\" width=\"433\" height=\"635\"><\/p>\n<p align=\"center\">\n    <img loading=\"lazy\" decoding=\"async\" border=\"0\" src=\"http:\/\/papyblues.com\/wp-content\/uploads\/2014\/06\/\/16magma12.jpg\" width=\"435\" height=\"635\"><\/p>\n<p align=\"center\">\n    <img loading=\"lazy\" decoding=\"async\" border=\"0\" src=\"http:\/\/papyblues.com\/wp-content\/uploads\/2014\/06\/\/16magmagrosplan.jpg\" width=\"199\" height=\"285\"><\/p>\n<p align=\"center\">\n    &nbsp;<\/p>\n<p align=\"center\">\n    <b><font size=\"6\" color=\"#FF0000\">FIN&nbsp;&nbsp; PROVISOIRE&#8230;&#8230;<\/font><\/b><\/p>\n<p align=\"center\">\n    &nbsp;<\/p>\n<p align=\"center\">\n    <img loading=\"lazy\" decoding=\"async\" border=\"0\" src=\"http:\/\/papyblues.com\/wp-content\/uploads\/2014\/06\/\/MAGMA.jpg\" width=\"319\" height=\"216\"><\/p>\n<p align=\"center\">\n    <img loading=\"lazy\" decoding=\"async\" border=\"0\" src=\"http:\/\/papyblues.com\/wp-content\/uploads\/2014\/06\/\/MAGMA2.jpg\" width=\"318\" height=\"246\"><\/p>\n<p align=\"center\">\n    <img loading=\"lazy\" decoding=\"async\" border=\"0\" src=\"http:\/\/papyblues.com\/wp-content\/uploads\/2014\/06\/\/MAGMA3.jpg\" width=\"320\" height=\"263\"><\/p>\n<p align=\"center\">\n    <img loading=\"lazy\" decoding=\"async\" border=\"0\" src=\"http:\/\/papyblues.com\/wp-content\/uploads\/2014\/06\/\/MAGMA4.jpg\" width=\"318\" height=\"306\"><\/p>\n<p align=\"center\">\n    <img loading=\"lazy\" decoding=\"async\" border=\"0\" src=\"http:\/\/papyblues.com\/wp-content\/uploads\/2014\/06\/\/MAGMA5.jpg\" width=\"339\" height=\"173\"><\/p>\n<p align=\"center\">\n    <img loading=\"lazy\" decoding=\"async\" border=\"0\" src=\"http:\/\/papyblues.com\/wp-content\/uploads\/2014\/06\/\/MAGMA6.jpg\" width=\"320\" height=\"252\"><\/p>\n<p align=\"center\">\n    <img loading=\"lazy\" decoding=\"async\" border=\"0\" src=\"http:\/\/papyblues.com\/wp-content\/uploads\/2014\/06\/\/MAGMA7.jpg\" width=\"412\" height=\"198\"><\/p>\n<p align=\"center\">\n    <img loading=\"lazy\" decoding=\"async\" border=\"0\" src=\"http:\/\/papyblues.com\/wp-content\/uploads\/2014\/06\/\/VANDERCASINODEPARIS.jpg\" width=\"360\" height=\"201\"><\/p>\n<p align=\"center\">\n    &nbsp;<\/p>\n<p align=\"center\">\n    <img loading=\"lazy\" decoding=\"async\" border=\"0\" src=\"http:\/\/papyblues.com\/wp-content\/uploads\/2014\/06\/\/23christian.jpg\" width=\"373\" height=\"492\"><\/p>\n<p align=\"center\">\n    <font color=\"#FF0000\">CHRISTIAN \u00e0 la maison 1985.<\/font><\/p>\n<p align=\"center\">\n    <img loading=\"lazy\" decoding=\"async\" border=\"0\" src=\"http:\/\/papyblues.com\/wp-content\/uploads\/2014\/06\/\/23christian2.jpg\" width=\"372\" height=\"542\"><\/p>\n<p align=\"center\">\n    <font color=\"#FF0000\">Idem.<\/font><\/p>\n<p align=\"center\">\n    <img loading=\"lazy\" decoding=\"async\" border=\"0\" src=\"http:\/\/papyblues.com\/wp-content\/uploads\/2014\/06\/\/23christian3.jpg\" width=\"373\" height=\"276\"><\/p>\n<p align=\"center\">\n    <font color=\"#FF0000\">Avec Isabelle Feuillebois et ma premi\u00e8re \u00e9pouse.<\/font><\/p>\n<p align=\"center\">\n    <img loading=\"lazy\" decoding=\"async\" border=\"0\" src=\"http:\/\/papyblues.com\/wp-content\/uploads\/2014\/06\/\/23magma4.jpg\" width=\"386\" height=\"550\"><\/p>\n<p align=\"center\">\n    <font color=\"#FF0000\">OFFERING 1986 banlieue parisienne.<\/font><\/p>\n<p align=\"center\">\n    <img loading=\"lazy\" decoding=\"async\" border=\"0\" src=\"http:\/\/papyblues.com\/wp-content\/uploads\/2014\/06\/\/23nouvellemagma2bis.jpg\" width=\"491\" height=\"324\"><\/p>\n<p align=\"center\">\n    <font color=\"#FF0000\">Autre concert.Jean-Marc Jaffet \u00e0 la basse.<\/font><\/p>\n<p align=\"center\">\n    <img loading=\"lazy\" decoding=\"async\" border=\"0\" src=\"http:\/\/papyblues.com\/wp-content\/uploads\/2014\/06\/\/23magma3.jpg\" width=\"381\" height=\"259\"><\/p>\n<p align=\"center\">\n    <font color=\"#FF0000\">Guy Khalifa au clavier.<\/font><\/p>\n<p align=\"center\">\n    <img loading=\"lazy\" decoding=\"async\" border=\"0\" src=\"http:\/\/papyblues.com\/wp-content\/uploads\/2014\/06\/\/23magma4.jpg\" width=\"386\" height=\"550\"><\/p>\n<p align=\"center\">\n    <font color=\"#FF0000\">Le m\u00eame concert.<\/font><\/p>\n<p align=\"center\">\n    <img loading=\"lazy\" decoding=\"async\" border=\"0\" src=\"http:\/\/papyblues.com\/wp-content\/uploads\/2014\/06\/\/23nouvellemagma.jpg\" width=\"489\" height=\"328\"><\/p>\n<p align=\"center\">\n    <font color=\"#FF0000\">Idem<\/font><\/p>\n<p align=\"center\">\n    <img loading=\"lazy\" decoding=\"async\" border=\"0\" src=\"http:\/\/papyblues.com\/wp-content\/uploads\/2014\/06\/\/23magma6.jpg\" width=\"377\" height=\"463\"><\/p>\n<p align=\"center\">\n    <font color=\"#FF0000\">Emery 1978<\/font><\/p>\n<p align=\"center\">\n    <img loading=\"lazy\" decoding=\"async\" border=\"0\" src=\"http:\/\/papyblues.com\/wp-content\/uploads\/2014\/06\/\/23magma7.jpg\" width=\"275\" height=\"127\"><\/p>\n<p align=\"center\">\n    <font color=\"#FF0000\">D\u00e9dicace au dos de la photo.<\/font><\/p>\n<p align=\"center\">\n    <img loading=\"lazy\" decoding=\"async\" border=\"0\" src=\"http:\/\/papyblues.com\/wp-content\/uploads\/2014\/06\/\/23magma8.jpg\" width=\"377\" height=\"228\"><\/p>\n<p align=\"center\">\n    <font color=\"#FF0000\">Bobino 1981.( photographe ? )<\/font><\/p>\n<p align=\"center\">\n    <img loading=\"lazy\" decoding=\"async\" border=\"0\" src=\"http:\/\/papyblues.com\/wp-content\/uploads\/2014\/06\/\/23magma9.jpg\" width=\"373\" height=\"247\"><\/p>\n<p align=\"center\">\n    <font color=\"#FF0000\">TRIO JAZZ.1985<\/font><\/p>\n<p align=\"center\">\n    <img loading=\"lazy\" decoding=\"async\" border=\"0\" src=\"http:\/\/papyblues.com\/wp-content\/uploads\/2014\/06\/\/23magma10.jpg\" width=\"377\" height=\"271\"><\/p>\n<p align=\"center\">\n    <font color=\"#FF0000\">TRIO JAZZ au Sunset 1985.<\/font><\/p>\n<p align=\"center\">\n    <img loading=\"lazy\" decoding=\"async\" border=\"0\" src=\"http:\/\/papyblues.com\/wp-content\/uploads\/2014\/06\/\/23magma11.jpg\" width=\"375\" height=\"343\"><\/p>\n<p align=\"center\">\n    <font color=\"#FF0000\">Idem<\/font><\/p>\n<p align=\"center\">\n    <img loading=\"lazy\" decoding=\"async\" border=\"0\" src=\"http:\/\/papyblues.com\/wp-content\/uploads\/2014\/06\/\/23magma12.jpg\" width=\"374\" height=\"264\"><\/p>\n<p align=\"center\">\n    <font color=\"#FF0000\">Idem<\/font><\/p>\n<p align=\"center\">\n    <img loading=\"lazy\" decoding=\"async\" border=\"0\" src=\"http:\/\/papyblues.com\/wp-content\/uploads\/2014\/06\/\/23magma13.jpg\" width=\"374\" height=\"264\"><\/p>\n<p align=\"center\">\n    <font color=\"#FF0000\">Idem<\/font><\/p>\n<p align=\"center\">\n    <img loading=\"lazy\" decoding=\"async\" border=\"0\" src=\"http:\/\/papyblues.com\/wp-content\/uploads\/2014\/06\/\/23christiansunset.jpg\" width=\"492\" height=\"329\"><\/p>\n<p align=\"center\">\n    <font color=\"#FF0000\">M\u00eame endroit autre concert.<\/font><\/p>\n<p align=\"center\">\n    <img loading=\"lazy\" decoding=\"async\" border=\"0\" src=\"http:\/\/papyblues.com\/wp-content\/uploads\/2014\/06\/\/23magma15.jpg\" width=\"374\" height=\"379\"><\/p>\n<p align=\"center\">\n    <font color=\"#FF0000\">Auto-collant de promotion pour la sortie d&rsquo; ATTAHK.<\/font><\/p>\n<p align=\"center\">\n    &nbsp;<\/p>\n<p align=\"center\">\n    <img loading=\"lazy\" decoding=\"async\" border=\"0\" src=\"http:\/\/papyblues.com\/wp-content\/uploads\/2014\/06\/\/28magma1.jpg\" width=\"385\" height=\"52\"><\/p>\n<p align=\"center\">\n    <img loading=\"lazy\" decoding=\"async\" border=\"0\" src=\"http:\/\/papyblues.com\/wp-content\/uploads\/2014\/06\/\/28magma2.jpg\" width=\"385\" height=\"705\"><\/p>\n<p align=\"center\">\n    <img loading=\"lazy\" decoding=\"async\" border=\"0\" src=\"http:\/\/papyblues.com\/wp-content\/uploads\/2014\/06\/\/28magma3.jpg\" width=\"295\" height=\"79\"><\/p>\n<p align=\"center\">\n    <img loading=\"lazy\" decoding=\"async\" border=\"0\" src=\"http:\/\/papyblues.com\/wp-content\/uploads\/2014\/06\/\/28magma4.jpg\" width=\"385\" height=\"508\"><\/p>\n<p align=\"center\">\n    <img loading=\"lazy\" decoding=\"async\" border=\"0\" src=\"http:\/\/papyblues.com\/wp-content\/uploads\/2014\/06\/\/28magma5.jpg\" width=\"295\" height=\"44\"><\/p>\n<p align=\"center\">\n    <img loading=\"lazy\" decoding=\"async\" border=\"0\" src=\"http:\/\/papyblues.com\/wp-content\/uploads\/2014\/06\/\/28magma6.jpg\" width=\"385\" height=\"246\"><\/p>\n<p align=\"center\">\n    <img loading=\"lazy\" decoding=\"async\" border=\"0\" src=\"http:\/\/papyblues.com\/wp-content\/uploads\/2014\/06\/\/28magma7.jpg\" width=\"385\" height=\"604\"><\/p>\n<p align=\"center\">\n    <img loading=\"lazy\" decoding=\"async\" border=\"0\" src=\"http:\/\/papyblues.com\/wp-content\/uploads\/2014\/06\/\/28magma8.jpg\" width=\"383\" height=\"589\"><\/p>\n<p align=\"center\">\n    <img loading=\"lazy\" decoding=\"async\" border=\"0\" src=\"http:\/\/papyblues.com\/wp-content\/uploads\/2014\/06\/\/28magma9.jpg\" width=\"385\" height=\"84\"><\/p>\n<p align=\"center\">\n    &nbsp;<\/p>\n<p align=\"center\">\n    <img loading=\"lazy\" decoding=\"async\" border=\"0\" src=\"http:\/\/papyblues.com\/wp-content\/uploads\/2014\/06\/\/28magma10.jpg\" width=\"385\" height=\"549\"><\/p>\n<p align=\"center\">\n    <img loading=\"lazy\" decoding=\"async\" border=\"0\" src=\"http:\/\/papyblues.com\/wp-content\/uploads\/2014\/06\/\/28magma11.jpg\" width=\"384\" height=\"646\"><\/p>\n<p align=\"center\">\n    <img loading=\"lazy\" decoding=\"async\" border=\"0\" src=\"http:\/\/papyblues.com\/wp-content\/uploads\/2014\/06\/\/28magma112.jpg\" width=\"384\" height=\"533\"><\/p>\n<p align=\"center\">\n    <font color=\"#FF0000\">JAZZ HOT&nbsp; FEVRIER 1987<\/font><\/p>\n<p align=\"center\">\n    <img loading=\"lazy\" decoding=\"async\" border=\"0\" src=\"http:\/\/papyblues.com\/wp-content\/uploads\/2014\/06\/\/28magma13.jpg\" width=\"500\" height=\"327\"><\/p>\n<p align=\"center\">\n    <font color=\"#FF0000\">PLOUC-MAGAZINE suppl\u00e9ment au fanzine ANGE. octobre<br \/>\n    2000.<\/font><\/p>\n<p align=\"center\">\n    &nbsp;<\/p>\n<p align=\"center\">\n    <img loading=\"lazy\" decoding=\"async\" border=\"0\" src=\"http:\/\/papyblues.com\/wp-content\/uploads\/2014\/06\/\/28magma14.jpg\" width=\"389\" height=\"555\"><\/p>\n<p align=\"center\">\n    <img loading=\"lazy\" decoding=\"async\" border=\"0\" src=\"http:\/\/papyblues.com\/wp-content\/uploads\/2014\/06\/\/28magma15.jpg\" width=\"420\" height=\"1084\"><\/p>\n<p align=\"center\">\n    <img loading=\"lazy\" decoding=\"async\" border=\"0\" src=\"http:\/\/papyblues.com\/wp-content\/uploads\/2014\/06\/\/28magma16.jpg\" width=\"420\" height=\"569\"><\/p>\n<p align=\"center\">\n    <img loading=\"lazy\" decoding=\"async\" border=\"0\" src=\"http:\/\/papyblues.com\/wp-content\/uploads\/2014\/06\/\/28magma17.jpg\" width=\"434\" height=\"971\"><\/p>\n<p align=\"center\">\n    &nbsp;<\/p>\n<p align=\"center\">\n    <img loading=\"lazy\" decoding=\"async\" border=\"0\" src=\"http:\/\/papyblues.com\/wp-content\/uploads\/2014\/06\/\/28magma18.jpg\" width=\"431\" height=\"626\"><\/p>\n<p align=\"center\">\n    <img loading=\"lazy\" decoding=\"async\" border=\"0\" src=\"http:\/\/papyblues.com\/wp-content\/uploads\/2014\/06\/\/28magma19.jpg\" width=\"385\" height=\"240\"><\/p>\n<p align=\"center\">\n    <img loading=\"lazy\" decoding=\"async\" border=\"0\" src=\"http:\/\/papyblues.com\/wp-content\/uploads\/2014\/06\/\/28magma20.jpg\" width=\"424\" height=\"403\"><\/p>\n<p align=\"center\">\n    <img loading=\"lazy\" decoding=\"async\" border=\"0\" src=\"http:\/\/papyblues.com\/wp-content\/uploads\/2014\/06\/\/28magma21.jpg\" width=\"494\" height=\"354\"><\/p>\n<p align=\"center\">\n    <font color=\"#FF0000\">REPETITIONS TOURNEE&nbsp; ATTAHK.BEST 124.<\/font><\/p>\n<p align=\"center\">\n    <img loading=\"lazy\" decoding=\"async\" border=\"0\" src=\"http:\/\/papyblues.com\/wp-content\/uploads\/2014\/06\/\/28magma22.jpg\" width=\"387\" height=\"408\"><\/p>\n<p align=\"center\">\n    <br \/><a href=\"http:\/\/papyblues.com\/?page_id=2359\" title=\"Galerie Magma 4\/4\">Page suivante<\/a><br \/>\n   <\/tr>\n<\/table>\n","protected":false},"excerpt":{"rendered":"<p>Page pr\u00e9c\u00e9dente &nbsp; MAGMA &amp; CHRISTIAN VANDER. &nbsp; TOUTES LES PHOTOS NON CREDITEES SONT DE PAPY, ET LEUR REPRODUCTION EST INTERDITE SANS SON ACCORD. &nbsp; &nbsp; &nbsp; &nbsp; FIN&nbsp;&nbsp; PROVISOIRE&#8230;&#8230; &nbsp; &nbsp; CHRISTIAN \u00e0 la maison 1985. Idem. Avec Isabelle Feuillebois et ma premi\u00e8re \u00e9pouse. OFFERING 1986 banlieue parisienne. Autre concert.Jean-Marc Jaffet \u00e0 la basse. [&hellip;]<\/p>\n","protected":false},"author":1,"featured_media":0,"parent":0,"menu_order":0,"comment_status":"closed","ping_status":"closed","template":"","meta":{"footnotes":""},"class_list":["post-2352","page","type-page","status-publish","hentry"],"_links":{"self":[{"href":"http:\/\/papyblues.com\/index.php?rest_route=\/wp\/v2\/pages\/2352","targetHints":{"allow":["GET"]}}],"collection":[{"href":"http:\/\/papyblues.com\/index.php?rest_route=\/wp\/v2\/pages"}],"about":[{"href":"http:\/\/papyblues.com\/index.php?rest_route=\/wp\/v2\/types\/page"}],"author":[{"embeddable":true,"href":"http:\/\/papyblues.com\/index.php?rest_route=\/wp\/v2\/users\/1"}],"replies":[{"embeddable":true,"href":"http:\/\/papyblues.com\/index.php?rest_route=%2Fwp%2Fv2%2Fcomments&post=2352"}],"version-history":[{"count":5,"href":"http:\/\/papyblues.com\/index.php?rest_route=\/wp\/v2\/pages\/2352\/revisions"}],"predecessor-version":[{"id":2381,"href":"http:\/\/papyblues.com\/index.php?rest_route=\/wp\/v2\/pages\/2352\/revisions\/2381"}],"wp:attachment":[{"href":"http:\/\/papyblues.com\/index.php?rest_route=%2Fwp%2Fv2%2Fmedia&parent=2352"}],"curies":[{"name":"wp","href":"https:\/\/api.w.org\/{rel}","templated":true}]}}