{"id":2345,"date":"2014-08-19T10:41:48","date_gmt":"2014-08-19T09:41:48","guid":{"rendered":"http:\/\/papyblues.com\/?page_id=2345"},"modified":"2014-08-19T11:07:19","modified_gmt":"2014-08-19T10:07:19","slug":"galerie-magma-24","status":"publish","type":"page","link":"https:\/\/papyblues.com\/?page_id=2345","title":{"rendered":"Galerie Magma 2\/4"},"content":{"rendered":"<table border=\"1\" cellpadding=\"0\" cellspacing=\"0\" style=\"border-collapse: collapse\" bordercolor=\"#111111\" width=\"553\" id=\"AutoNumber1\" height=\"487\">\n<tr>\n<td valign=\"top\">\n<p align=\"center\"><a href=\"http:\/\/papyblues.com\/?page_id=2338\" title=\"Galerie Magma 1\/4\">Voir la page pr\u00e9c\u00e9dente<\/a><\/p>\n<p style=\"word-spacing: 1; text-indent: 1; margin: 1\" align=\"center\">&nbsp;<\/p>\n<p align=\"center\"><u><b><font color=\"#FF0000\" size=\"6\">MAGMA &amp; CHRISTIAN VANDER.<\/font><\/b><\/u><\/p>\n<p align=\"center\">&nbsp;<\/p>\n<p align=\"center\">\n    <font color=\"#0000FF\"><i>TOUTES LES PHOTOS NON CREDITEES SONT DE PAPY, ET<br \/>\n    LEUR REPRODUCTION EST INTERDITE SANS SON ACCORD.<\/i><\/font><\/p>\n<p align=\"center\">&nbsp;<\/p>\n<p align=\"center\">&nbsp;<\/p>\n<p align=\"center\">&nbsp;<\/p>\n<p align=\"center\">\n    <img loading=\"lazy\" decoding=\"async\" border=\"0\" src=\"http:\/\/papyblues.com\/wp-content\/uploads\/2014\/06\/\/CHRISTIANTRIOSUNSET.jpg\" width=\"475\" height=\"566\"><\/p>\n<p align=\"center\">\n    <font color=\"#FF0000\">Tr\u00e8s belle http:\/\/papyblues.com\/wp-content\/uploads\/2014\/06\/ prise au Sunset en 1985 par Philippe<br \/>\n    Richard.<\/font><\/p>\n<p align=\"center\">\n    <img loading=\"lazy\" decoding=\"async\" border=\"0\" src=\"http:\/\/papyblues.com\/wp-content\/uploads\/2014\/06\/\/VANDERFNAC.jpg\" width=\"470\" height=\"660\"><\/p>\n<p align=\"center\">\n    <font color=\"#FF0000\">Pendant un show-case dans une fnac \u00e0 Paris.1991. http:\/\/papyblues.com\/wp-content\/uploads\/2014\/06\/<br \/>\n    Martine Bianchi.<\/font><\/p>\n<p align=\"center\">\n    <img loading=\"lazy\" decoding=\"async\" border=\"0\" src=\"http:\/\/papyblues.com\/wp-content\/uploads\/2014\/06\/\/VANDERTRIOSUNSET.jpg\" width=\"463\" height=\"363\"><\/p>\n<p align=\"center\">\n    <font color=\"#FF0000\">http:\/\/papyblues.com\/wp-content\/uploads\/2014\/06\/ de Philippe Richard.<\/font><\/p>\n<p align=\"center\">\n    <img loading=\"lazy\" decoding=\"async\" border=\"0\" src=\"http:\/\/papyblues.com\/wp-content\/uploads\/2014\/06\/\/MAGMAMELUN1.jpg\" width=\"477\" height=\"713\"><\/p>\n<p align=\"center\">\n    <font color=\"#FF0000\">MAGMA \u00e0 Melun le 7 octobre 1978.<\/font><\/p>\n<p align=\"center\">\n    <img loading=\"lazy\" decoding=\"async\" border=\"0\" src=\"http:\/\/papyblues.com\/wp-content\/uploads\/2014\/06\/\/MAGMAMELUN2.jpg\" width=\"477\" height=\"690\"><\/p>\n<p align=\"center\">\n    <font color=\"#FF0000\">MELUN.<\/font><\/p>\n<p align=\"center\">\n    <img loading=\"lazy\" decoding=\"async\" border=\"0\" src=\"http:\/\/papyblues.com\/wp-content\/uploads\/2014\/06\/\/VANDERFNAC2.jpg\" width=\"478\" height=\"683\"><\/p>\n<p align=\"center\">\n    <font color=\"#FF0000\">Show-case fnac. http:\/\/papyblues.com\/wp-content\/uploads\/2014\/06\/ Martine Bianchi.<\/font><\/p>\n<p align=\"center\">\n    <img loading=\"lazy\" decoding=\"async\" border=\"0\" src=\"http:\/\/papyblues.com\/wp-content\/uploads\/2014\/06\/\/VANDERLATOGEETLAIGLE.jpg\" width=\"482\" height=\"725\"><\/p>\n<p align=\"center\">\n    <font color=\"#FF0000\">&quot; APPELLEZ-MOI&nbsp; LE&nbsp; COMBATTANT DE&nbsp; LA&nbsp;<br \/>\n    ZEUHL &quot;.<\/font><\/p>\n<p align=\"center\">\n    <img loading=\"lazy\" decoding=\"async\" border=\"0\" src=\"http:\/\/papyblues.com\/wp-content\/uploads\/2014\/06\/\/MAGMAMELUN3.jpg\" width=\"457\" height=\"313\"><\/p>\n<p align=\"center\">\n    <font color=\"#FF0000\">Melun.<\/font><\/p>\n<p align=\"center\">\n    <img loading=\"lazy\" decoding=\"async\" border=\"0\" src=\"http:\/\/papyblues.com\/wp-content\/uploads\/2014\/06\/\/MAGMAMOULIN4.jpg\" width=\"457\" height=\"306\"><\/p>\n<p align=\"center\">\n    <img loading=\"lazy\" decoding=\"async\" border=\"0\" src=\"http:\/\/papyblues.com\/wp-content\/uploads\/2014\/06\/\/KLAUSMELUN.jpg\" width=\"461\" height=\"680\"><\/p>\n<p align=\"center\">\n    <img loading=\"lazy\" decoding=\"async\" border=\"0\" src=\"http:\/\/papyblues.com\/wp-content\/uploads\/2014\/06\/\/MAGMAMELUN4.jpg\" width=\"448\" height=\"594\"><\/p>\n<p align=\"center\">\n    <img loading=\"lazy\" decoding=\"async\" border=\"0\" src=\"http:\/\/papyblues.com\/wp-content\/uploads\/2014\/06\/\/MAGMAMOLIN1.jpg\" width=\"450\" height=\"656\"><\/p>\n<p align=\"center\">\n    <img loading=\"lazy\" decoding=\"async\" border=\"0\" src=\"http:\/\/papyblues.com\/wp-content\/uploads\/2014\/06\/\/MAGMAHEROUVILLE.jpg\" width=\"448\" height=\"307\"><\/p>\n<p align=\"center\">\n    <font color=\"#FF0000\">Emery pr\u00e8s d&rsquo;H\u00e9rouville, le 13 Septembre 1978.<br \/>\n    Pr\u00e9sentation d&rsquo; ATTAHK, aux journalistes et professionnels du disque, suivi<br \/>\n    d&rsquo;un buffet.<\/font><\/p>\n<p align=\"center\">\n    <img loading=\"lazy\" decoding=\"async\" border=\"0\" src=\"http:\/\/papyblues.com\/wp-content\/uploads\/2014\/06\/\/MAGMAHEROUVILLE2.jpg\" width=\"449\" height=\"248\"><\/p>\n<p align=\"center\">\n    <img loading=\"lazy\" decoding=\"async\" border=\"0\" src=\"http:\/\/papyblues.com\/wp-content\/uploads\/2014\/06\/\/MAGMAHEROUVILLE3.jpg\" width=\"449\" height=\"232\"><\/p>\n<p align=\"center\">\n    <img loading=\"lazy\" decoding=\"async\" border=\"0\" src=\"http:\/\/papyblues.com\/wp-content\/uploads\/2014\/06\/\/MAGMAHEROUVILLE4BIS.jpg\" width=\"448\" height=\"607\"><\/p>\n<p align=\"center\">\n    <font color=\"#FF0000\">Emery toujours<\/font>.<\/p>\n<p align=\"center\">&nbsp;<\/p>\n<p align=\"center\">\n    <img loading=\"lazy\" decoding=\"async\" border=\"0\" src=\"http:\/\/papyblues.com\/wp-content\/uploads\/2014\/06\/\/MAGMAEMPIRE1.jpg\" width=\"448\" height=\"447\"><\/p>\n<p align=\"center\">\n    <font color=\"#FF0000\">Th\u00e9atre de l&rsquo;Empire ( \u00e9mission Chorus ) le 23<br \/>\n    septembre 1978.<\/font><\/p>\n<p align=\"center\">\n    <img loading=\"lazy\" decoding=\"async\" border=\"0\" src=\"http:\/\/papyblues.com\/wp-content\/uploads\/2014\/06\/\/MAGMAEMPIRE2.jpg\" width=\"448\" height=\"285\"><\/p>\n<p align=\"center\">\n    <img loading=\"lazy\" decoding=\"async\" border=\"0\" src=\"http:\/\/papyblues.com\/wp-content\/uploads\/2014\/06\/\/MAGMAEMPIRE3.jpg\" width=\"448\" height=\"288\"><\/p>\n<p align=\"center\">\n    <img loading=\"lazy\" decoding=\"async\" border=\"0\" src=\"http:\/\/papyblues.com\/wp-content\/uploads\/2014\/06\/\/MAGMAEMPIRE4.jpg\" width=\"446\" height=\"291\"><\/p>\n<p align=\"center\">\n    <img loading=\"lazy\" decoding=\"async\" border=\"0\" src=\"http:\/\/papyblues.com\/wp-content\/uploads\/2014\/06\/\/MAGMAEMPIRE5.jpg\" width=\"449\" height=\"248\"><\/p>\n<p align=\"center\">\n    <img loading=\"lazy\" decoding=\"async\" border=\"0\" src=\"http:\/\/papyblues.com\/wp-content\/uploads\/2014\/06\/\/MAGMAEMPIRE6.jpg\" width=\"450\" height=\"291\"><\/p>\n<p align=\"center\">\n    <img loading=\"lazy\" decoding=\"async\" border=\"0\" src=\"http:\/\/papyblues.com\/wp-content\/uploads\/2014\/06\/\/MAGMAEMPIRE7.jpg\" width=\"449\" height=\"199\"><\/p>\n<p align=\"center\">\n    <img loading=\"lazy\" decoding=\"async\" border=\"0\" src=\"http:\/\/papyblues.com\/wp-content\/uploads\/2014\/06\/\/MAGMAEMPIRE8.jpg\" width=\"449\" height=\"245\"><\/p>\n<p align=\"center\">\n    <img loading=\"lazy\" decoding=\"async\" border=\"0\" src=\"http:\/\/papyblues.com\/wp-content\/uploads\/2014\/06\/\/MAGMAEMPIRE9.jpg\" width=\"448\" height=\"286\"><\/p>\n<p align=\"center\">\n    <img loading=\"lazy\" decoding=\"async\" border=\"0\" src=\"http:\/\/papyblues.com\/wp-content\/uploads\/2014\/06\/\/MAGMAEMPIRE10.jpg\" width=\"450\" height=\"442\"><\/p>\n<p align=\"center\">\n    <img loading=\"lazy\" decoding=\"async\" border=\"0\" src=\"http:\/\/papyblues.com\/wp-content\/uploads\/2014\/06\/\/MAGMAEMPIRE11.jpg\" width=\"452\" height=\"291\"><\/p>\n<p align=\"center\">\n    <img loading=\"lazy\" decoding=\"async\" border=\"0\" src=\"http:\/\/papyblues.com\/wp-content\/uploads\/2014\/06\/\/MAGMAEMPIRE12.jpg\" width=\"452\" height=\"291\"><\/p>\n<p align=\"center\">\n    <img loading=\"lazy\" decoding=\"async\" border=\"0\" src=\"http:\/\/papyblues.com\/wp-content\/uploads\/2014\/06\/\/MAGMAEMPIRE13.jpg\" width=\"444\" height=\"660\"><\/p>\n<p align=\"center\">\n    <img loading=\"lazy\" decoding=\"async\" border=\"0\" src=\"http:\/\/papyblues.com\/wp-content\/uploads\/2014\/06\/\/MAGMAEMPIRE14.jpg\" width=\"444\" height=\"656\"><\/p>\n<p align=\"center\">\n    <img loading=\"lazy\" decoding=\"async\" border=\"0\" src=\"http:\/\/papyblues.com\/wp-content\/uploads\/2014\/06\/\/MAGMAEMPIRE15.jpg\" width=\"448\" height=\"635\"><\/p>\n<p align=\"center\">\n    <img loading=\"lazy\" decoding=\"async\" border=\"0\" src=\"http:\/\/papyblues.com\/wp-content\/uploads\/2014\/06\/\/MAGMAEMPIRE16.jpg\" width=\"442\" height=\"534\"><\/p>\n<p align=\"center\">\n    <img loading=\"lazy\" decoding=\"async\" border=\"0\" src=\"http:\/\/papyblues.com\/wp-content\/uploads\/2014\/06\/\/OFFERINGDEJAZET.jpg\" width=\"399\" height=\"997\"><\/p>\n<p align=\"center\">\n    <font color=\"#FF0000\">Annonce pour les concerts d&rsquo; OFFERING&nbsp; au Th\u00e9atre<br \/>\n    DEJAZET.<\/font><\/p>\n<p align=\"center\">\n    <img loading=\"lazy\" decoding=\"async\" border=\"0\" src=\"http:\/\/papyblues.com\/wp-content\/uploads\/2014\/06\/\/CHRISTIANOFFERINGDEJAZET.jpg\" width=\"418\" height=\"283\"><\/p>\n<p align=\"center\">\n    <font color=\"#FF0000\">OFFERING au Dejazet.<\/font><\/p>\n<p align=\"center\">&nbsp;<img loading=\"lazy\" decoding=\"async\" border=\"0\" src=\"http:\/\/papyblues.com\/wp-content\/uploads\/2014\/06\/\/CHRISTIANDEDICACEJACOB.jpg\" width=\"350\" height=\"410\"><\/p>\n<p align=\"center\">\n    <img loading=\"lazy\" decoding=\"async\" border=\"0\" src=\"http:\/\/papyblues.com\/wp-content\/uploads\/2014\/06\/\/CHRISTIANDEDICACEJACOB2.jpg\" width=\"449\" height=\"348\"><\/p>\n<p align=\"center\">\n    <font color=\"#FF0000\">La d\u00e9dicace de Christian&nbsp; \u00e0 Jacob, mon fils,<br \/>\n    apr\u00e8s un bon repas \u00e0 la maison. on aper\u00e7oit \u00e9galement Laura ma fille. 1990.<\/font><\/p>\n<p align=\"center\">\n    <img loading=\"lazy\" decoding=\"async\" border=\"0\" src=\"http:\/\/papyblues.com\/wp-content\/uploads\/2014\/06\/\/PAPYETCHRISTIAN.jpg\" width=\"452\" height=\"329\"><\/p>\n<p align=\"center\">\n    <font color=\"#FF0000\">Votre Papy et Christian durant cette m\u00eame soir\u00e9e.<\/font><\/p>\n<p align=\"center\">\n    <img loading=\"lazy\" decoding=\"async\" border=\"0\" src=\"http:\/\/papyblues.com\/wp-content\/uploads\/2014\/06\/\/newchristianetmoi.jpg\" width=\"419\" height=\"501\"><\/p>\n<p align=\"center\">\n    <font color=\"#FF0000\">Eysines, les m\u00eames que sur la http:\/\/papyblues.com\/wp-content\/uploads\/2014\/06\/ pr\u00e9c\u00e9dente, avec<br \/>\n    12 ans de plus&#8230;<\/font><\/p>\n<p align=\"center\">\n    <img loading=\"lazy\" decoding=\"async\" border=\"0\" src=\"http:\/\/papyblues.com\/wp-content\/uploads\/2014\/06\/\/newchristianvander.jpg\" width=\"415\" height=\"843\"><\/p>\n<p align=\"center\">\n    <font color=\"#FF0000\">Illustration d&rsquo;un article de DISC International n\u00b0<br \/>\n    111, f\u00e9v\/mars 1989.<\/font><\/p>\n<p align=\"center\">\n    <img loading=\"lazy\" decoding=\"async\" border=\"0\" src=\"http:\/\/papyblues.com\/wp-content\/uploads\/2014\/06\/\/newchristianaupiano.jpg\" width=\"412\" height=\"265\"><\/p>\n<p align=\"center\">\n    <font color=\"#FF0000\">M\u00eame mensuel, m\u00eame article.<\/font><\/p>\n<p align=\"center\">\n    <img loading=\"lazy\" decoding=\"async\" border=\"0\" src=\"http:\/\/papyblues.com\/wp-content\/uploads\/2014\/06\/\/newmagmabataclan.jpg\" width=\"421\" height=\"482\"><\/p>\n<p align=\"center\">\n    <font color=\"#FF0000\">Belle annonce des concerts du Bataclan.<\/font><\/p>\n<p align=\"center\">\n    <img loading=\"lazy\" decoding=\"async\" border=\"0\" src=\"http:\/\/papyblues.com\/wp-content\/uploads\/2014\/06\/\/newpubmagmagretsch.jpg\" width=\"415\" height=\"504\"><\/p>\n<p align=\"center\">\n    <font color=\"#FF0000\">Belle annonce des concerts de l&rsquo;Olympia. Concerts qui<br \/>\n    figureront sur les albums N\u00b0 1.2.3 de RETROSPEKT\u00cfW.<\/font><\/p>\n<p align=\"center\">&nbsp;<\/p>\n<p align=\"center\">\n    <img loading=\"lazy\" decoding=\"async\" border=\"0\" src=\"http:\/\/papyblues.com\/wp-content\/uploads\/2014\/06\/\/newfusion1995.jpg\" width=\"420\" height=\"286\"><\/p>\n<p align=\"center\">\n    <font color=\"#FF0000\">Pour le plaisir de les revoir ensemble. FUSION&nbsp;<br \/>\n    1995.<\/font><\/p>\n<p align=\"center\">\n    <img loading=\"lazy\" decoding=\"async\" border=\"0\" src=\"http:\/\/papyblues.com\/wp-content\/uploads\/2014\/06\/\/newfusion1995n.2.jpg\" width=\"418\" height=\"282\"><\/p>\n<p align=\"center\">\n    <font color=\"#FF0000\">Les m\u00eames. http:\/\/papyblues.com\/wp-content\/uploads\/2014\/06\/s issues de BATTEUR MAG&nbsp; N\u00b083.oct<br \/>\n    1995.<\/font><\/p>\n<p align=\"center\">\n    <img loading=\"lazy\" decoding=\"async\" border=\"0\" src=\"http:\/\/papyblues.com\/wp-content\/uploads\/2014\/06\/\/newvanderchant.jpg\" width=\"400\" height=\"312\"><\/p>\n<p align=\"center\">\n    <font color=\"#FF0000\">Idem&#8230;<\/font><\/p>\n<p align=\"center\">\n    <img loading=\"lazy\" decoding=\"async\" border=\"0\" src=\"http:\/\/papyblues.com\/wp-content\/uploads\/2014\/06\/\/newvanderchantn.2.jpg\" width=\"397\" height=\"447\"><\/p>\n<p align=\"center\">\n    <font color=\"#FF0000\">Idem.<\/font><\/p>\n<p align=\"center\">\n    <img loading=\"lazy\" decoding=\"async\" border=\"0\" src=\"http:\/\/papyblues.com\/wp-content\/uploads\/2014\/06\/\/newmagmaeysines1.jpg\" width=\"427\" height=\"280\"><\/p>\n<p align=\"center\">\n    <font color=\"#FF0000\">Eysines . 27 avril 2001.<\/font><\/p>\n<p align=\"center\">\n    <img loading=\"lazy\" decoding=\"async\" border=\"0\" src=\"http:\/\/papyblues.com\/wp-content\/uploads\/2014\/06\/\/newmagmaeysines2.jpg\" width=\"413\" height=\"286\"><\/p>\n<p align=\"center\">\n    <font color=\"#FF0000\">Eysines.<\/font><\/p>\n<p align=\"center\">\n    <img loading=\"lazy\" decoding=\"async\" border=\"0\" src=\"http:\/\/papyblues.com\/wp-content\/uploads\/2014\/06\/\/Sans-titre1.jpg\" width=\"401\" height=\"707\"><\/p>\n<p align=\"center\">\n    <font color=\"#FF0000\">Votre Papy en action . Toutes les http:\/\/papyblues.com\/wp-content\/uploads\/2014\/06\/s non cr\u00e9dit\u00e9es<br \/>\n    sont de moi .<\/font><\/p>\n<p align=\"center\">\n    <img loading=\"lazy\" decoding=\"async\" border=\"0\" src=\"http:\/\/papyblues.com\/wp-content\/uploads\/2014\/06\/\/logo_2.jpg\" width=\"160\" height=\"168\"><\/p>\n<p align=\"center\">\n    <font color=\"#FF0000\">A VIE, A MORT&nbsp; ET&nbsp; APRES.<\/font><\/p>\n<p align=\"center\">\n    <font color=\"#FF0000\">*****************************************<\/font><\/p>\n<p align=\"center\">\n    <font color=\"#0000FF\"><i><b>SOLE .DISTER. GOTLIB<\/b> :<\/i><\/font><\/p>\n<p align=\"center\">\n    <b><font color=\"#0000FF\">POP &amp; ROCK &amp; COLEGRAM. 1979.<\/font><\/b><\/p>\n<p align=\"center\">\n    <img loading=\"lazy\" decoding=\"async\" border=\"0\" src=\"http:\/\/papyblues.com\/wp-content\/uploads\/2014\/06\/\/poprockcolegrambdmagma.jpg\" width=\"153\" height=\"210\"><\/p>\n<p align=\"center\">\n    <font color=\"#0000FF\">H\u00e9las introuvable depuis belle lurette&#8230;&#8230;<\/font><\/p>\n<p align=\"center\">\n    <img loading=\"lazy\" decoding=\"async\" border=\"0\" src=\"http:\/\/papyblues.com\/wp-content\/uploads\/2014\/06\/\/bede1.jpg\" width=\"533\" height=\"716\"><\/p>\n<p align=\"center\">\n    <img loading=\"lazy\" decoding=\"async\" border=\"0\" src=\"http:\/\/papyblues.com\/wp-content\/uploads\/2014\/06\/\/bede2.jpg\" width=\"533\" height=\"735\"><\/p>\n<p align=\"center\">\n    <img loading=\"lazy\" decoding=\"async\" border=\"0\" src=\"http:\/\/papyblues.com\/wp-content\/uploads\/2014\/06\/\/bede3.jpg\" width=\"533\" height=\"735\"><\/p>\n<p align=\"center\">\n    <img loading=\"lazy\" decoding=\"async\" border=\"0\" src=\"http:\/\/papyblues.com\/wp-content\/uploads\/2014\/06\/\/16magma1.jpg\" width=\"435\" height=\"581\"><\/p>\n<p align=\"center\">\n    <font color=\"#FF0000\">Eysines.<\/font><\/p>\n<p align=\"center\">\n    <img loading=\"lazy\" decoding=\"async\" border=\"0\" src=\"http:\/\/papyblues.com\/wp-content\/uploads\/2014\/06\/\/16magma2.jpg\" width=\"434\" height=\"582\"><\/p>\n<p align=\"center\">\n    <img loading=\"lazy\" decoding=\"async\" border=\"0\" src=\"http:\/\/papyblues.com\/wp-content\/uploads\/2014\/06\/\/16magma3.jpg\" width=\"448\" height=\"653\"><\/p>\n<p align=\"center\">\n    <img loading=\"lazy\" decoding=\"async\" border=\"0\" src=\"http:\/\/papyblues.com\/wp-content\/uploads\/2014\/06\/\/16magma4.jpg\" width=\"449\" height=\"653\"><\/p>\n<p align=\"center\">\n<br \/><a href=\"http:\/\/papyblues.com\/?page_id=2352\" title=\"Galerie Magma 3\/4\">Voir la page suivante<\/a><\/p>\n<\/tr>\n<\/table>\n","protected":false},"excerpt":{"rendered":"<p>Voir la page pr\u00e9c\u00e9dente &nbsp; MAGMA &amp; CHRISTIAN VANDER. &nbsp; TOUTES LES PHOTOS NON CREDITEES SONT DE PAPY, ET LEUR REPRODUCTION EST INTERDITE SANS SON ACCORD. &nbsp; &nbsp; &nbsp; Tr\u00e8s belle http:\/\/papyblues.com\/wp-content\/uploads\/2014\/06\/ prise au Sunset en 1985 par Philippe Richard. Pendant un show-case dans une fnac \u00e0 Paris.1991. http:\/\/papyblues.com\/wp-content\/uploads\/2014\/06\/ Martine Bianchi. http:\/\/papyblues.com\/wp-content\/uploads\/2014\/06\/ de Philippe Richard. [&hellip;]<\/p>\n","protected":false},"author":1,"featured_media":0,"parent":0,"menu_order":0,"comment_status":"closed","ping_status":"closed","template":"","meta":{"footnotes":""},"class_list":["post-2345","page","type-page","status-publish","hentry"],"_links":{"self":[{"href":"https:\/\/papyblues.com\/index.php?rest_route=\/wp\/v2\/pages\/2345","targetHints":{"allow":["GET"]}}],"collection":[{"href":"https:\/\/papyblues.com\/index.php?rest_route=\/wp\/v2\/pages"}],"about":[{"href":"https:\/\/papyblues.com\/index.php?rest_route=\/wp\/v2\/types\/page"}],"author":[{"embeddable":true,"href":"https:\/\/papyblues.com\/index.php?rest_route=\/wp\/v2\/users\/1"}],"replies":[{"embeddable":true,"href":"https:\/\/papyblues.com\/index.php?rest_route=%2Fwp%2Fv2%2Fcomments&post=2345"}],"version-history":[{"count":8,"href":"https:\/\/papyblues.com\/index.php?rest_route=\/wp\/v2\/pages\/2345\/revisions"}],"predecessor-version":[{"id":2382,"href":"https:\/\/papyblues.com\/index.php?rest_route=\/wp\/v2\/pages\/2345\/revisions\/2382"}],"wp:attachment":[{"href":"https:\/\/papyblues.com\/index.php?rest_route=%2Fwp%2Fv2%2Fmedia&parent=2345"}],"curies":[{"name":"wp","href":"https:\/\/api.w.org\/{rel}","templated":true}]}}